{"id":11,"date":"2023-09-26T08:59:53","date_gmt":"2023-09-26T08:59:53","guid":{"rendered":"https:\/\/elektrikernow-solar.de\/?page_id=11"},"modified":"2023-09-26T09:50:14","modified_gmt":"2023-09-26T09:50:14","slug":"impressum-2","status":"publish","type":"page","link":"https:\/\/elektrikernow-solar.de\/?page_id=11","title":{"rendered":"Impressum"},"content":{"rendered":"\n<p>Angaben gem\u00e4\u00df \u00a7 5 TMG<\/p>\n\n\n\n<p><br>Dimitri Kaplin M. Sc. Elektrotechnik<br>Adersstra\u00dfe 66<br>40215 D\u00fcsseldorf<\/p>\n\n\n\n<p>Eingetragen bei der Handwerkskammer zu K\u00f6ln<br>Installateur Eintragung vorhanden  <\/p>\n\n\n\n<p>Telefon: 01631958654<\/p>\n\n\n\n<p><br><strong>Kontakt<\/strong><br>E-Mail: dimitri.kaplin@outlook.com<\/p>\n\n\n\n<p><strong><br>Verbraucherstreitbeilegung\/Universalschlichtungsstelle<\/strong><br>Wir sind nicht bereit oder verpflichtet, an Streitbeilegungsverfahren vor einer<br>Verbraucherschlichtungsstelle teilzunehmen.<\/p>\n\n\n\n<p><br>Quelle:<br><a href=\"https:\/\/www.e-recht24.de\">https:\/\/www.e-recht24.de<\/a><\/p>\n","protected":false},"excerpt":{"rendered":"<p>Angaben gem\u00e4\u00df \u00a7 5 TMG Dimitri Kaplin M. Sc. ElektrotechnikAdersstra\u00dfe 6640215 D\u00fcsseldorf Eingetragen bei der Handwerkskammer zu K\u00f6lnInstallateur Eintragung vorhanden Telefon: 01631958654 KontaktE-Mail: dimitri.kaplin@outlook.com Verbraucherstreitbeilegung\/UniversalschlichtungsstelleWir sind nicht bereit oder verpflichtet, an Streitbeilegungsverfahren vor einerVerbraucherschlichtungsstelle teilzunehmen. Quelle:https:\/\/www.e-recht24.de<\/p>\n","protected":false},"author":1,"featured_media":0,"parent":0,"menu_order":0,"comment_status":"closed","ping_status":"closed","template":"","meta":{"footnotes":""},"class_list":["post-11","page","type-page","status-publish","hentry"],"_links":{"self":[{"href":"https:\/\/elektrikernow-solar.de\/index.php?rest_route=\/wp\/v2\/pages\/11","targetHints":{"allow":["GET"]}}],"collection":[{"href":"https:\/\/elektrikernow-solar.de\/index.php?rest_route=\/wp\/v2\/pages"}],"about":[{"href":"https:\/\/elektrikernow-solar.de\/index.php?rest_route=\/wp\/v2\/types\/page"}],"author":[{"embeddable":true,"href":"https:\/\/elektrikernow-solar.de\/index.php?rest_route=\/wp\/v2\/users\/1"}],"replies":[{"embeddable":true,"href":"https:\/\/elektrikernow-solar.de\/index.php?rest_route=%2Fwp%2Fv2%2Fcomments&post=11"}],"version-history":[{"count":4,"href":"https:\/\/elektrikernow-solar.de\/index.php?rest_route=\/wp\/v2\/pages\/11\/revisions"}],"predecessor-version":[{"id":24,"href":"https:\/\/elektrikernow-solar.de\/index.php?rest_route=\/wp\/v2\/pages\/11\/revisions\/24"}],"wp:attachment":[{"href":"https:\/\/elektrikernow-solar.de\/index.php?rest_route=%2Fwp%2Fv2%2Fmedia&parent=11"}],"curies":[{"name":"wp","href":"https:\/\/api.w.org\/{rel}","templated":true}]}}